{"id":694,"date":"2026-01-09T19:18:35","date_gmt":"2026-01-09T18:18:35","guid":{"rendered":"https:\/\/orai.fr\/?page_id=694"},"modified":"2026-01-09T20:47:40","modified_gmt":"2026-01-09T19:47:40","slug":"evenements","status":"publish","type":"page","link":"https:\/\/orai.fr\/index.php\/evenements\/","title":{"rendered":"D\u00eener des Griffons"},"content":{"rendered":"<p>[et_pb_section fb_built=&#8221;1&#8243; custom_padding_last_edited=&#8221;on|phone&#8221; admin_label=&#8221;Header&#8221; _builder_version=&#8221;4.27.4&#8243; _module_preset=&#8221;default&#8221; background_color=&#8221;#000000&#8243; use_background_color_gradient=&#8221;on&#8221; background_color_gradient_stops=&#8221;rgba(0,0,0,0.8) 0%|rgba(0,0,0,0.8) 100%&#8221; background_color_gradient_overlays_image=&#8221;on&#8221; background_color_gradient_start=&#8221;rgba(0,0,0,0.8)&#8221; background_color_gradient_end=&#8221;rgba(0,0,0,0.8)&#8221; background_image=&#8221;http:\/\/orai.fr\/wp-content\/uploads\/2026\/01\/fond_griffon.png&#8221; custom_padding=&#8221;120px||0px||false|false&#8221; custom_padding_tablet=&#8221;80px||||false|false&#8221; custom_padding_phone=&#8221;60px||||false|false&#8221; locked=&#8221;off&#8221; global_colors_info=&#8221;{}&#8221;][et_pb_row _builder_version=&#8221;4.16&#8243; _module_preset=&#8221;default&#8221; global_colors_info=&#8221;{}&#8221;][et_pb_column type=&#8221;4_4&#8243; _builder_version=&#8221;4.16&#8243; _module_preset=&#8221;default&#8221; global_colors_info=&#8221;{}&#8221;][et_pb_text _builder_version=&#8221;4.27.4&#8243; _module_preset=&#8221;77bd6224-541c-4dfa-aa0c-4832456a9557&#8243; header_font=&#8221;Montserrat|900|on|on|||||&#8221; header_text_color=&#8221;#01a0db&#8221; header_font_size=&#8221;165px&#8221; header_line_height=&#8221;0.7em&#8221; header_font_size_tablet=&#8221;60px&#8221; header_font_size_phone=&#8221;30px&#8221; header_font_size_last_edited=&#8221;on|phone&#8221; global_colors_info=&#8221;{%22gcid-5fba0126-308f-4f42-aa94-6c5d80831bca%22:%91%93}&#8221;]<\/p>\n<h1><strong><span class=\"gs_tkn show\">D\u00eener des griffons\u00a0<\/span><\/strong><\/h1>\n<p>[\/et_pb_text][\/et_pb_column][\/et_pb_row][et_pb_row column_structure=&#8221;3_5,2_5&#8243; use_custom_gutter=&#8221;on&#8221; gutter_width=&#8221;1&#8243; make_equal=&#8221;on&#8221; _builder_version=&#8221;4.27.4&#8243; _module_preset=&#8221;default&#8221; custom_margin=&#8221;100px||||false|false&#8221; custom_margin_tablet=&#8221;60px||||false|false&#8221; custom_margin_phone=&#8221;20px||||false|false&#8221; custom_margin_last_edited=&#8221;on|phone&#8221; custom_padding=&#8221;0px||0px||true|false&#8221; hover_enabled=&#8221;0&#8243; box_shadow_style=&#8221;preset4&#8243; box_shadow_horizontal=&#8221;-20vw&#8221; box_shadow_vertical=&#8221;0px&#8221; box_shadow_color=&#8221;#FFFFFF&#8221; box_shadow_horizontal_tablet=&#8221;0vw&#8221; box_shadow_horizontal_phone=&#8221;&#8221; box_shadow_horizontal_last_edited=&#8221;on|phone&#8221; global_colors_info=&#8221;{}&#8221; sticky_enabled=&#8221;0&#8243; height=&#8221;100%&#8221;][et_pb_column type=&#8221;3_5&#8243; _builder_version=&#8221;4.27.4&#8243; _module_preset=&#8221;default&#8221; use_background_color_gradient=&#8221;on&#8221; background_color_gradient_direction=&#8221;90deg&#8221; background_color_gradient_stops=&#8221;#ffffff 0%|rgba(255,255,255,0) 100%&#8221; background_color_gradient_overlays_image=&#8221;on&#8221; background_color_gradient_start=&#8221;#ffffff&#8221; background_color_gradient_end=&#8221;rgba(255,255,255,0)&#8221; background_image=&#8221;http:\/\/orai.fr\/wp-content\/uploads\/2026\/01\/Diner-des-griffons-petit-2.png&#8221; hover_enabled=&#8221;0&#8243; global_colors_info=&#8221;{}&#8221; title_text=&#8221;Diner des griffons-petit-2&#8243; sticky_enabled=&#8221;0&#8243;][et_pb_divider divider_weight=&#8221;0px&#8221; _builder_version=&#8221;4.27.4&#8243; _module_preset=&#8221;default&#8221; min_height=&#8221;400px&#8221; min_height_tablet=&#8221;300px&#8221; min_height_phone=&#8221;180px&#8221; min_height_last_edited=&#8221;on|phone&#8221; hover_enabled=&#8221;0&#8243; global_colors_info=&#8221;{}&#8221; sticky_enabled=&#8221;0&#8243;][\/et_pb_divider][\/et_pb_column][et_pb_column type=&#8221;2_5&#8243; _builder_version=&#8221;4.27.4&#8243; _module_preset=&#8221;default&#8221; background_color=&#8221;#01a0db&#8221; custom_padding=&#8221;40px|40px|40px|40px|true|true&#8221; custom_padding_tablet=&#8221;40px|40px|40px|40px|true|true&#8221; custom_padding_phone=&#8221;20px|20px|20px|20px|true|true&#8221; custom_padding_last_edited=&#8221;on|phone&#8221; global_colors_info=&#8221;{}&#8221;][et_pb_text _builder_version=&#8221;4.16&#8243; _module_preset=&#8221;abe15537-a205-41f8-9025-7356e956fa93&#8243; header_font=&#8221;||||||||&#8221; header_3_font=&#8221;Syncopate|700||on|||||&#8221; header_3_text_color=&#8221;#000000&#8243; header_3_font_size=&#8221;26px&#8221; header_3_line_height=&#8221;1.2em&#8221; header_3_font_size_tablet=&#8221;20px&#8221; header_3_font_size_phone=&#8221;16px&#8221; header_3_font_size_last_edited=&#8221;on|desktop&#8221; locked=&#8221;off&#8221; global_colors_info=&#8221;{}&#8221;]<\/p>\n<h3>SOUTENEZ LE HC LES GRIFFONS !<\/h3>\n<p>[\/et_pb_text][et_pb_text _builder_version=&#8221;4.16&#8243; _module_preset=&#8221;afe8fc41-dc70-4bf1-b625-17644c79cbc3&#8243; text_font=&#8221;||||||||&#8221; text_text_color=&#8221;#000000&#8243; text_font_size=&#8221;16px&#8221; text_line_height=&#8221;2.2em&#8221; text_font_size_tablet=&#8221;15px&#8221; text_font_size_phone=&#8221;14px&#8221; text_font_size_last_edited=&#8221;on|desktop&#8221; locked=&#8221;off&#8221; global_colors_info=&#8221;{}&#8221;]<\/p>\n<p><span>L\u2019objectif principal de la soir\u00e9e est le soutien au HC Les Griffons. <\/span><\/p>\n<p><span>En participant \u00e0 cet \u00e9v\u00e9nement, vous contribuez d\u00e9veloppement et \u00e0 la formation de pr\u00e8s de\u00a0<strong>350 jeunes hockeyeurs<\/strong>, \u00e2g\u00e9s de 4 \u00e0 20 ans, qui portent fi\u00e8rement les couleurs des Griffons.<\/span><\/p>\n<p>[\/et_pb_text][et_pb_button button_text=&#8221;INSCRIPTION&#8221; _builder_version=&#8221;4.27.4&#8243; _module_preset=&#8221;_initial&#8221; custom_button=&#8221;on&#8221; button_text_size=&#8221;14px&#8221; button_text_color=&#8221;#FFFFFF&#8221; button_bg_color=&#8221;#000000&#8243; button_border_width=&#8221;0px&#8221; button_border_radius=&#8221;0px&#8221; button_letter_spacing=&#8221;2px&#8221; button_font=&#8221;Syncopate|700||on|||||&#8221; button_use_icon=&#8221;off&#8221; custom_margin=&#8221;30px||||false|false&#8221; custom_margin_tablet=&#8221;&#8221; custom_margin_phone=&#8221;0px||||false|false&#8221; custom_margin_last_edited=&#8221;on|phone&#8221; custom_padding=&#8221;18px|30px|18px|30px|true|true&#8221; custom_padding_tablet=&#8221;16px|25px|16px|25px|true|true&#8221; custom_padding_phone=&#8221;14px|20px|14px|20px|true|true&#8221; custom_padding_last_edited=&#8221;on|phone&#8221; hover_enabled=&#8221;0&#8243; locked=&#8221;off&#8221; global_colors_info=&#8221;{}&#8221; button_text_color__hover=&#8221;#01a0db&#8221; button_text_color__hover_enabled=&#8221;on|hover&#8221; sticky_enabled=&#8221;0&#8243;][\/et_pb_button][\/et_pb_column][\/et_pb_row][\/et_pb_section][et_pb_section fb_built=&#8221;1&#8243; _builder_version=&#8221;4.27.4&#8243; _module_preset=&#8221;default&#8221; global_colors_info=&#8221;{}&#8221;][et_pb_row _builder_version=&#8221;4.27.4&#8243; _module_preset=&#8221;default&#8221; global_colors_info=&#8221;{}&#8221;][et_pb_column type=&#8221;4_4&#8243; _builder_version=&#8221;4.16&#8243; _module_preset=&#8221;default&#8221; global_colors_info=&#8221;{}&#8221;][et_pb_text _builder_version=&#8221;4.16&#8243; _module_preset=&#8221;33d8ed47-9575-4183-ae48-b1d6c4145db4&#8243; header_2_font=&#8221;Syncopate|700||on|||||&#8221; header_2_text_color=&#8221;#000000&#8243; header_2_font_size=&#8221;60px&#8221; header_2_line_height=&#8221;1.2em&#8221; header_2_font_size_tablet=&#8221;32px&#8221; header_2_font_size_phone=&#8221;20px&#8221; header_2_font_size_last_edited=&#8221;on|phone&#8221; locked=&#8221;off&#8221; global_colors_info=&#8221;{}&#8221;]<\/p>\n<h2>PARTICIPATION<\/h2>\n<p>[\/et_pb_text][\/et_pb_column][\/et_pb_row][et_pb_row column_structure=&#8221;1_2,1_2&#8243; _builder_version=&#8221;4.27.4&#8243; _module_preset=&#8221;default&#8221; global_colors_info=&#8221;{}&#8221;][et_pb_column type=&#8221;1_2&#8243; _builder_version=&#8221;4.16&#8243; _module_preset=&#8221;default&#8221; global_colors_info=&#8221;{}&#8221;][et_pb_text _builder_version=&#8221;4.27.4&#8243; _module_preset=&#8221;afe8fc41-dc70-4bf1-b625-17644c79cbc3&#8243; text_font=&#8221;||||||||&#8221; text_text_color=&#8221;#000000&#8243; text_font_size=&#8221;16px&#8221; text_line_height=&#8221;2.2em&#8221; text_font_size_tablet=&#8221;15px&#8221; text_font_size_phone=&#8221;14px&#8221; text_font_size_last_edited=&#8221;on|desktop&#8221; locked=&#8221;off&#8221; global_colors_info=&#8221;{}&#8221;]<\/p>\n<p>Le d\u00eener de soutien des Griffons avec son traditionnel <strong>buffet de chasse<\/strong> se tiendra cette ann\u00e9e <span style=\"font-size: 16px;\">au Centre sportif La Lisi\u00e8re \u00e0 S\u00e2les (Gruy\u00e8re).<\/span><\/p>\n<p>Cet \u00e9v\u00e9nement est\u00a0<strong>sp\u00e9cialement organis\u00e9 pour les entreprises<\/strong>\u00a0et les partenaires qui soutiennent notre club. Ce d\u00eener constitue une formidable opportunit\u00e9 de r\u00e9seautage, o\u00f9 les membres pourront \u00e9changer avec des entrepreneurs et des professionnels de la r\u00e9gion tout en montrant leur soutien \u00e0 notre club.<\/p>\n<p>Nous encourageons vivement nos membres \u00e0 partager cette invitation avec leurs partenaires professionnels, coll\u00e8gues, et contacts int\u00e9ress\u00e9s \u00e0 soutenir notre club. Votre participation et celle de vos invit\u00e9s seraient un plaisir pour nous.<\/p>\n<p>Merci de bien vouloir\u00a0<strong>confirmer votre participation<\/strong> via le bulletin d&#8217;inscription avant <strong>le 14 octobre 2024<\/strong>.<\/p>\n<p style=\"line-height: 120%;\">\n<p>[\/et_pb_text][\/et_pb_column][et_pb_column type=&#8221;1_2&#8243; _builder_version=&#8221;4.16&#8243; _module_preset=&#8221;default&#8221; global_colors_info=&#8221;{}&#8221;][et_pb_text _builder_version=&#8221;4.27.4&#8243; _module_preset=&#8221;abe15537-a205-41f8-9025-7356e956fa93&#8243; header_font=&#8221;||||||||&#8221; header_3_font=&#8221;Syncopate|700||on|||||&#8221; header_3_text_color=&#8221;#000000&#8243; header_3_font_size=&#8221;26px&#8221; header_3_line_height=&#8221;1.2em&#8221; custom_margin=&#8221;||20px||false|false&#8221; header_3_font_size_tablet=&#8221;20px&#8221; header_3_font_size_phone=&#8221;16px&#8221; header_3_font_size_last_edited=&#8221;on|desktop&#8221; locked=&#8221;off&#8221; global_colors_info=&#8221;{}&#8221;]<\/p>\n<h3>Vendredi 15 novembre 2024<\/h3>\n<p>[\/et_pb_text][et_pb_button button_text=&#8221;Inscription&#8221; _builder_version=&#8221;4.27.4&#8243; _module_preset=&#8221;default&#8221; custom_button=&#8221;on&#8221; button_text_size=&#8221;14px&#8221; button_text_color=&#8221;#FFFFFF&#8221; button_bg_color=&#8221;#000000&#8243; button_border_width=&#8221;0px&#8221; button_border_radius=&#8221;0px&#8221; button_letter_spacing=&#8221;2px&#8221; button_font=&#8221;Syncopate|700||on|||||&#8221; button_use_icon=&#8221;off&#8221; custom_padding=&#8221;18px|30px|18px|30px|true|true&#8221; custom_padding_tablet=&#8221;16px|25px|16px|25px|true|true&#8221; custom_padding_phone=&#8221;14px|20px|14px|20px|true|true&#8221; custom_padding_last_edited=&#8221;on|phone&#8221; global_colors_info=&#8221;{}&#8221; button_text_color__hover=&#8221;#01a0db&#8221; button_text_color__hover_enabled=&#8221;on|hover&#8221;][\/et_pb_button][\/et_pb_column][\/et_pb_row][\/et_pb_section][et_pb_section fb_built=&#8221;1&#8243; _builder_version=&#8221;4.27.4&#8243; _module_preset=&#8221;default&#8221; global_colors_info=&#8221;{}&#8221;][et_pb_row _builder_version=&#8221;4.27.4&#8243; _module_preset=&#8221;default&#8221; global_colors_info=&#8221;{}&#8221;][et_pb_column type=&#8221;4_4&#8243; _builder_version=&#8221;4.16&#8243; _module_preset=&#8221;default&#8221; global_colors_info=&#8221;{}&#8221;][et_pb_text _builder_version=&#8221;4.16&#8243; _module_preset=&#8221;33d8ed47-9575-4183-ae48-b1d6c4145db4&#8243; header_2_font=&#8221;Syncopate|700||on|||||&#8221; header_2_text_color=&#8221;#000000&#8243; header_2_font_size=&#8221;60px&#8221; header_2_line_height=&#8221;1.2em&#8221; header_2_font_size_tablet=&#8221;32px&#8221; header_2_font_size_phone=&#8221;20px&#8221; header_2_font_size_last_edited=&#8221;on|phone&#8221; locked=&#8221;off&#8221; global_colors_info=&#8221;{}&#8221;]<\/p>\n<h2>B\u00e9n\u00e9voles<\/h2>\n<p>[\/et_pb_text][\/et_pb_column][\/et_pb_row][et_pb_row _builder_version=&#8221;4.27.4&#8243; _module_preset=&#8221;default&#8221; global_colors_info=&#8221;{}&#8221;][et_pb_column type=&#8221;4_4&#8243; _builder_version=&#8221;4.16&#8243; _module_preset=&#8221;default&#8221; global_colors_info=&#8221;{}&#8221;][et_pb_text _builder_version=&#8221;4.27.4&#8243; _module_preset=&#8221;afe8fc41-dc70-4bf1-b625-17644c79cbc3&#8243; text_font=&#8221;||||||||&#8221; text_text_color=&#8221;#000000&#8243; text_font_size=&#8221;16px&#8221; text_line_height=&#8221;2.2em&#8221; text_font_size_tablet=&#8221;15px&#8221; text_font_size_phone=&#8221;14px&#8221; text_font_size_last_edited=&#8221;on|desktop&#8221; locked=&#8221;off&#8221; global_colors_info=&#8221;{}&#8221;]<\/p>\n<p>Afin d&#8217;assurer la bonne organisation du d\u00eener, nous sommes activement \u00e0 la recherche de b\u00e9n\u00e9voles pour :<\/p>\n<p>&#8211; le service buffet : 12h30 &#8211; 16h<\/p>\n<p>&#8211; la vente de boissons au comptoir : 12h30 &#8211; 16h<\/p>\n<p>Cette manifestation repr\u00e9sente un appport cons\u00e9quent pour notre club. Il est donc indispensable d&#8217;avoir suffisament de b\u00e9n\u00e9voles pour que tout se passe au mieux.<\/p>\n<p>\u00a0Merci de nous contacter au <strong>079\/689.15.45.<\/strong><\/p>\n<p style=\"line-height: 120%;\">\n<p>[\/et_pb_text][\/et_pb_column][\/et_pb_row][\/et_pb_section]<\/p>\n","protected":false},"excerpt":{"rendered":"<p>D\u00eener des griffons\u00a0SOUTENEZ LE HC LES GRIFFONS !L\u2019objectif principal de la soir\u00e9e est le soutien au HC Les Griffons. En participant \u00e0 cet \u00e9v\u00e9nement, vous contribuez d\u00e9veloppement et \u00e0 la formation de pr\u00e8s de\u00a0350 jeunes hockeyeurs, \u00e2g\u00e9s de 4 \u00e0 20 ans, qui portent fi\u00e8rement les couleurs des Griffons.PARTICIPATIONLe d\u00eener de soutien des Griffons avec son traditionnel buffet de chasse se tiendra cette ann\u00e9e au Centre sportif La Lisi\u00e8re \u00e0 S\u00e2les (Gruy\u00e8re). Cet \u00e9v\u00e9nement est\u00a0sp\u00e9cialement organis\u00e9 pour les entreprises\u00a0et les partenaires qui soutiennent notre club. Ce d\u00eener constitue une formidable opportunit\u00e9 de r\u00e9seautage, o\u00f9 les membres pourront \u00e9changer avec des entrepreneurs et des professionnels de la r\u00e9gion tout en montrant leur soutien \u00e0 notre club. Nous encourageons vivement nos membres \u00e0 partager cette invitation avec leurs partenaires professionnels, coll\u00e8gues, et contacts int\u00e9ress\u00e9s \u00e0 soutenir notre club. Votre participation et celle de vos invit\u00e9s seraient un plaisir pour nous. Merci de bien vouloir\u00a0confirmer votre participation via le bulletin d&#8217;inscription avant le 14 octobre 2024. Vendredi 15 novembre 2024B\u00e9n\u00e9volesAfin d&#8217;assurer la bonne organisation du d\u00eener, nous sommes activement \u00e0 la recherche de b\u00e9n\u00e9voles pour : &#8211; le service buffet : 12h30 &#8211; 16h &#8211; la vente de boissons au comptoir : 12h30 [&hellip;]<\/p>\n","protected":false},"author":1,"featured_media":0,"parent":0,"menu_order":0,"comment_status":"closed","ping_status":"closed","template":"","meta":{"_et_pb_use_builder":"on","_et_pb_old_content":"","_et_gb_content_width":"","footnotes":""},"class_list":["post-694","page","type-page","status-publish","hentry"],"_links":{"self":[{"href":"https:\/\/orai.fr\/index.php\/wp-json\/wp\/v2\/pages\/694","targetHints":{"allow":["GET"]}}],"collection":[{"href":"https:\/\/orai.fr\/index.php\/wp-json\/wp\/v2\/pages"}],"about":[{"href":"https:\/\/orai.fr\/index.php\/wp-json\/wp\/v2\/types\/page"}],"author":[{"embeddable":true,"href":"https:\/\/orai.fr\/index.php\/wp-json\/wp\/v2\/users\/1"}],"replies":[{"embeddable":true,"href":"https:\/\/orai.fr\/index.php\/wp-json\/wp\/v2\/comments?post=694"}],"version-history":[{"count":9,"href":"https:\/\/orai.fr\/index.php\/wp-json\/wp\/v2\/pages\/694\/revisions"}],"predecessor-version":[{"id":722,"href":"https:\/\/orai.fr\/index.php\/wp-json\/wp\/v2\/pages\/694\/revisions\/722"}],"wp:attachment":[{"href":"https:\/\/orai.fr\/index.php\/wp-json\/wp\/v2\/media?parent=694"}],"curies":[{"name":"wp","href":"https:\/\/api.w.org\/{rel}","templated":true}]}}