{"id":670,"date":"2026-01-09T16:40:43","date_gmt":"2026-01-09T15:40:43","guid":{"rendered":"https:\/\/orai.fr\/?page_id=670"},"modified":"2026-01-09T18:06:34","modified_gmt":"2026-01-09T17:06:34","slug":"my-ice-hockey","status":"publish","type":"page","link":"https:\/\/orai.fr\/index.php\/my-ice-hockey\/","title":{"rendered":"My Ice Hockey"},"content":{"rendered":"<p>[et_pb_section fb_built=&#8221;1&#8243; custom_padding_last_edited=&#8221;on|phone&#8221; admin_label=&#8221;Header&#8221; _builder_version=&#8221;4.27.4&#8243; _module_preset=&#8221;default&#8221; background_color=&#8221;#000000&#8243; use_background_color_gradient=&#8221;on&#8221; background_color_gradient_stops=&#8221;rgba(0,0,0,0.8) 0%|rgba(0,0,0,0.8) 100%&#8221; background_color_gradient_overlays_image=&#8221;on&#8221; background_color_gradient_start=&#8221;rgba(0,0,0,0.8)&#8221; background_color_gradient_end=&#8221;rgba(0,0,0,0.8)&#8221; background_image=&#8221;http:\/\/orai.fr\/wp-content\/uploads\/2026\/01\/myicehockey-petit.png&#8221; custom_padding=&#8221;120px||0px||false|false&#8221; custom_padding_tablet=&#8221;80px||||false|false&#8221; custom_padding_phone=&#8221;60px||||false|false&#8221; hover_enabled=&#8221;0&#8243; locked=&#8221;off&#8221; global_colors_info=&#8221;{}&#8221; theme_builder_area=&#8221;post_content&#8221; title_text=&#8221;myicehockey-petit&#8221; sticky_enabled=&#8221;0&#8243;][et_pb_row _builder_version=&#8221;4.16&#8243; _module_preset=&#8221;default&#8221; global_colors_info=&#8221;{}&#8221; theme_builder_area=&#8221;post_content&#8221;][et_pb_column type=&#8221;4_4&#8243; _builder_version=&#8221;4.16&#8243; _module_preset=&#8221;default&#8221; global_colors_info=&#8221;{}&#8221; theme_builder_area=&#8221;post_content&#8221;][et_pb_text _builder_version=&#8221;4.27.4&#8243; _module_preset=&#8221;77bd6224-541c-4dfa-aa0c-4832456a9557&#8243; header_font=&#8221;Montserrat|900|on|on|||||&#8221; header_text_color=&#8221;#01a0db&#8221; header_font_size=&#8221;165px&#8221; header_line_height=&#8221;0.7em&#8221; header_font_size_tablet=&#8221;60px&#8221; header_font_size_phone=&#8221;30px&#8221; header_font_size_last_edited=&#8221;on|phone&#8221; global_colors_info=&#8221;{%22gcid-5fba0126-308f-4f42-aa94-6c5d80831bca%22:%91%93}&#8221; theme_builder_area=&#8221;post_content&#8221;]<\/p>\n<h1>MY ICE hockey<\/h1>\n<p>[\/et_pb_text][\/et_pb_column][\/et_pb_row][et_pb_row column_structure=&#8221;3_5,2_5&#8243; use_custom_gutter=&#8221;on&#8221; gutter_width=&#8221;1&#8243; make_equal=&#8221;on&#8221; _builder_version=&#8221;4.27.4&#8243; _module_preset=&#8221;default&#8221; custom_margin=&#8221;100px||||false|false&#8221; custom_margin_tablet=&#8221;60px||||false|false&#8221; custom_margin_phone=&#8221;20px||||false|false&#8221; custom_margin_last_edited=&#8221;on|phone&#8221; custom_padding=&#8221;0px||0px||true|false&#8221; hover_enabled=&#8221;0&#8243; box_shadow_style=&#8221;preset4&#8243; box_shadow_horizontal=&#8221;-20vw&#8221; box_shadow_vertical=&#8221;0px&#8221; box_shadow_color=&#8221;#FFFFFF&#8221; box_shadow_horizontal_tablet=&#8221;0vw&#8221; box_shadow_horizontal_phone=&#8221;&#8221; box_shadow_horizontal_last_edited=&#8221;on|phone&#8221; global_colors_info=&#8221;{}&#8221; theme_builder_area=&#8221;post_content&#8221; sticky_enabled=&#8221;0&#8243;][et_pb_column type=&#8221;3_5&#8243; _builder_version=&#8221;4.27.4&#8243; _module_preset=&#8221;default&#8221; use_background_color_gradient=&#8221;on&#8221; background_color_gradient_direction=&#8221;90deg&#8221; background_color_gradient_stops=&#8221;#ffffff 0%|rgba(255,255,255,0) 100%&#8221; background_color_gradient_overlays_image=&#8221;on&#8221; background_color_gradient_start=&#8221;#ffffff&#8221; background_color_gradient_end=&#8221;rgba(255,255,255,0)&#8221; background_image=&#8221;http:\/\/orai.fr\/wp-content\/uploads\/2026\/01\/myicehockey-petit.png&#8221; hover_enabled=&#8221;0&#8243; global_colors_info=&#8221;{}&#8221; theme_builder_area=&#8221;post_content&#8221; title_text=&#8221;myicehockey-petit&#8221; sticky_enabled=&#8221;0&#8243;][et_pb_divider divider_weight=&#8221;0px&#8221; _builder_version=&#8221;4.27.4&#8243; _module_preset=&#8221;default&#8221; min_height=&#8221;400px&#8221; min_height_tablet=&#8221;300px&#8221; min_height_phone=&#8221;180px&#8221; min_height_last_edited=&#8221;on|phone&#8221; hover_enabled=&#8221;0&#8243; global_colors_info=&#8221;{}&#8221; theme_builder_area=&#8221;post_content&#8221; sticky_enabled=&#8221;0&#8243;][\/et_pb_divider][\/et_pb_column][et_pb_column type=&#8221;2_5&#8243; _builder_version=&#8221;4.27.4&#8243; _module_preset=&#8221;default&#8221; background_color=&#8221;#01a0db&#8221; custom_padding=&#8221;40px|40px|40px|40px|true|true&#8221; custom_padding_tablet=&#8221;40px|40px|40px|40px|true|true&#8221; custom_padding_phone=&#8221;20px|20px|20px|20px|true|true&#8221; custom_padding_last_edited=&#8221;on|phone&#8221; global_colors_info=&#8221;{}&#8221; theme_builder_area=&#8221;post_content&#8221;][et_pb_text _builder_version=&#8221;4.27.4&#8243; _module_preset=&#8221;abe15537-a205-41f8-9025-7356e956fa93&#8243; header_font=&#8221;||||||||&#8221; header_3_font=&#8221;Syncopate|700||on|||||&#8221; header_3_text_color=&#8221;#000000&#8243; header_3_font_size=&#8221;26px&#8221; header_3_line_height=&#8221;1.2em&#8221; header_3_font_size_tablet=&#8221;20px&#8221; header_3_font_size_phone=&#8221;16px&#8221; header_3_font_size_last_edited=&#8221;on|desktop&#8221; locked=&#8221;off&#8221; global_colors_info=&#8221;{}&#8221; theme_builder_area=&#8221;post_content&#8221;]<\/p>\n<h3>APP<\/h3>\n<p>[\/et_pb_text][et_pb_text _builder_version=&#8221;4.27.4&#8243; _module_preset=&#8221;afe8fc41-dc70-4bf1-b625-17644c79cbc3&#8243; text_font=&#8221;||||||||&#8221; text_text_color=&#8221;#000000&#8243; text_font_size=&#8221;16px&#8221; text_line_height=&#8221;2.2em&#8221; text_font_size_tablet=&#8221;15px&#8221; text_font_size_phone=&#8221;14px&#8221; text_font_size_last_edited=&#8221;on|desktop&#8221; locked=&#8221;off&#8221; global_colors_info=&#8221;{}&#8221; theme_builder_area=&#8221;post_content&#8221;]<\/p>\n<p><span style=\"font-size: 16px;\"><\/span><span style=\"font-size: 16px;\">MY ICE HOCKEY est un logiciel en ligne destin\u00e9s aux entra\u00eeneurs et joueurs de hockey sur glace.<\/span><\/p>\n<div id=\"text-24\" class=\"widget widget_text gdlr-item gdlr-widget\">\n<div class=\"textwidget\">\n<p>Lors d\u2019une adh\u00e9sion au sein du HC les Griffons, le repr\u00e9sentant l\u00e9gal ou le joueur se doit d\u2019actualiser les informations sur la plateforme MY ICE HOCKEY.<\/p>\n<p>Vous trouverez les instructions n\u00e9cessaires \u00e0 l\u2019utilisation \u00e0 l\u2019aide du manuel ci-dessous:<\/p>\n<\/div>\n<\/div>\n<p>[\/et_pb_text][et_pb_button button_text=&#8221;Manuel&#8221; _builder_version=&#8221;4.27.4&#8243; _module_preset=&#8221;_initial&#8221; custom_button=&#8221;on&#8221; button_text_size=&#8221;14px&#8221; button_text_color=&#8221;#FFFFFF&#8221; button_bg_color=&#8221;#000000&#8243; button_border_width=&#8221;0px&#8221; button_border_radius=&#8221;0px&#8221; button_letter_spacing=&#8221;2px&#8221; button_font=&#8221;Syncopate|700||on|||||&#8221; button_use_icon=&#8221;off&#8221; custom_margin=&#8221;30px||||false|false&#8221; custom_margin_tablet=&#8221;&#8221; custom_margin_phone=&#8221;0px||||false|false&#8221; custom_margin_last_edited=&#8221;on|phone&#8221; custom_padding=&#8221;18px|30px|18px|30px|true|true&#8221; custom_padding_tablet=&#8221;16px|25px|16px|25px|true|true&#8221; custom_padding_phone=&#8221;14px|20px|14px|20px|true|true&#8221; custom_padding_last_edited=&#8221;on|phone&#8221; hover_enabled=&#8221;0&#8243; locked=&#8221;off&#8221; global_colors_info=&#8221;{}&#8221; button_text_color__hover=&#8221;#01a0db&#8221; button_text_color__hover_enabled=&#8221;on|hover&#8221; theme_builder_area=&#8221;post_content&#8221; button_url=&#8221;https:\/\/www.myice.hockey\/wp-content\/uploads\/my-ice-hockey-joueur-manuel-v1.0.pdf&#8221; sticky_enabled=&#8221;0&#8243;][\/et_pb_button][\/et_pb_column][\/et_pb_row][\/et_pb_section][et_pb_section fb_built=&#8221;1&#8243; admin_label=&#8221;Features&#8221; _builder_version=&#8221;4.27.4&#8243; _module_preset=&#8221;default&#8221; hover_enabled=&#8221;0&#8243; global_colors_info=&#8221;{}&#8221; theme_builder_area=&#8221;post_content&#8221; background_enable_image=&#8221;off&#8221; sticky_enabled=&#8221;0&#8243;][et_pb_row _builder_version=&#8221;4.16&#8243; _module_preset=&#8221;default&#8221; global_colors_info=&#8221;{}&#8221; theme_builder_area=&#8221;post_content&#8221;][et_pb_column type=&#8221;4_4&#8243; _builder_version=&#8221;4.16&#8243; _module_preset=&#8221;default&#8221; global_colors_info=&#8221;{}&#8221; theme_builder_area=&#8221;post_content&#8221;][et_pb_text _builder_version=&#8221;4.16&#8243; _module_preset=&#8221;33d8ed47-9575-4183-ae48-b1d6c4145db4&#8243; header_2_font=&#8221;Syncopate|700||on|||||&#8221; header_2_text_color=&#8221;#000000&#8243; header_2_font_size=&#8221;60px&#8221; header_2_line_height=&#8221;1.2em&#8221; header_2_font_size_tablet=&#8221;32px&#8221; header_2_font_size_phone=&#8221;20px&#8221; header_2_font_size_last_edited=&#8221;on|phone&#8221; locked=&#8221;off&#8221; global_colors_info=&#8221;{}&#8221; theme_builder_area=&#8221;post_content&#8221;]<\/p>\n<h2>My ice hockey c&#8217;est quoi ?<\/h2>\n<p>[\/et_pb_text][\/et_pb_column][\/et_pb_row][et_pb_row _builder_version=&#8221;4.27.4&#8243; _module_preset=&#8221;default&#8221; theme_builder_area=&#8221;post_content&#8221;][et_pb_column _builder_version=&#8221;4.27.4&#8243; _module_preset=&#8221;default&#8221; type=&#8221;4_4&#8243; theme_builder_area=&#8221;post_content&#8221;][et_pb_text _builder_version=&#8221;4.27.4&#8243; _module_preset=&#8221;default&#8221; theme_builder_area=&#8221;post_content&#8221; hover_enabled=&#8221;0&#8243; sticky_enabled=&#8221;0&#8243; text_font_size=&#8221;18px&#8221; text_text_color=&#8221;#000000&#8243;]<\/p>\n<p>MY ICE HOCKEY est un logiciel en ligne destin\u00e9s aux entra\u00eeneurs de hockey sur glace.<\/p>\n<p>Avec MY ICE HOCKEY, l\u2019entra\u00eeneur (en chef) dispose de nombreuses options et fonctions lui permettant d\u2018organiser ses joueurs, ses \u00e9quipes, ses exercices, ses jeux et ses dossiers \u2013 le tout dans un seul but: gagner du temps et avoir toutes les informations stock\u00e9es centralement.<\/p>\n<p>La plateforme de joueurs MY ICE HOCKEY \u2013 sur laquelle nous nous concentrons ici \u2013 est essentiellement la plateforme de communication entre les entra\u00eeneurs et les joueurs. L\u2019entra\u00eeneur (en chef) saisit des informations importantes et\/ou utiles pour le joueur \u2013 et celui-ci peut y acc\u00e9der via la plateforme de joueurs MY ICE HOCKEY.<\/p>\n<p>[\/et_pb_text][\/et_pb_column][\/et_pb_row][\/et_pb_section]<\/p>\n","protected":false},"excerpt":{"rendered":"<p>MY ICE hockeyAPPMY ICE HOCKEY est un logiciel en ligne destin\u00e9s aux entra\u00eeneurs et joueurs de hockey sur glace. Lors d\u2019une adh\u00e9sion au sein du HC les Griffons, le repr\u00e9sentant l\u00e9gal ou le joueur se doit d\u2019actualiser les informations sur la plateforme MY ICE HOCKEY. Vous trouverez les instructions n\u00e9cessaires \u00e0 l\u2019utilisation \u00e0 l\u2019aide du manuel ci-dessous: My ice hockey c&#8217;est quoi ?MY ICE HOCKEY est un logiciel en ligne destin\u00e9s aux entra\u00eeneurs de hockey sur glace. Avec MY ICE HOCKEY, l\u2019entra\u00eeneur (en chef) dispose de nombreuses options et fonctions lui permettant d\u2018organiser ses joueurs, ses \u00e9quipes, ses exercices, ses jeux et ses dossiers \u2013 le tout dans un seul but: gagner du temps et avoir toutes les informations stock\u00e9es centralement. La plateforme de joueurs MY ICE HOCKEY \u2013 sur laquelle nous nous concentrons ici \u2013 est essentiellement la plateforme de communication entre les entra\u00eeneurs et les joueurs. L\u2019entra\u00eeneur (en chef) saisit des informations importantes et\/ou utiles pour le joueur \u2013 et celui-ci peut y acc\u00e9der via la plateforme de joueurs MY ICE HOCKEY.<\/p>\n","protected":false},"author":1,"featured_media":0,"parent":0,"menu_order":0,"comment_status":"closed","ping_status":"closed","template":"","meta":{"_et_pb_use_builder":"on","_et_pb_old_content":"","_et_gb_content_width":"","footnotes":""},"class_list":["post-670","page","type-page","status-publish","hentry"],"_links":{"self":[{"href":"https:\/\/orai.fr\/index.php\/wp-json\/wp\/v2\/pages\/670","targetHints":{"allow":["GET"]}}],"collection":[{"href":"https:\/\/orai.fr\/index.php\/wp-json\/wp\/v2\/pages"}],"about":[{"href":"https:\/\/orai.fr\/index.php\/wp-json\/wp\/v2\/types\/page"}],"author":[{"embeddable":true,"href":"https:\/\/orai.fr\/index.php\/wp-json\/wp\/v2\/users\/1"}],"replies":[{"embeddable":true,"href":"https:\/\/orai.fr\/index.php\/wp-json\/wp\/v2\/comments?post=670"}],"version-history":[{"count":3,"href":"https:\/\/orai.fr\/index.php\/wp-json\/wp\/v2\/pages\/670\/revisions"}],"predecessor-version":[{"id":681,"href":"https:\/\/orai.fr\/index.php\/wp-json\/wp\/v2\/pages\/670\/revisions\/681"}],"wp:attachment":[{"href":"https:\/\/orai.fr\/index.php\/wp-json\/wp\/v2\/media?parent=670"}],"curies":[{"name":"wp","href":"https:\/\/api.w.org\/{rel}","templated":true}]}}