{"id":572,"date":"2026-01-09T09:08:42","date_gmt":"2026-01-09T08:08:42","guid":{"rendered":"https:\/\/orai.fr\/?page_id=572"},"modified":"2026-01-12T08:29:15","modified_gmt":"2026-01-12T07:29:15","slug":"u9-1","status":"publish","type":"page","link":"https:\/\/orai.fr\/index.php\/u9-1\/","title":{"rendered":"U9-1"},"content":{"rendered":"<p>[et_pb_section fb_built=&#8221;1&#8243; custom_padding_last_edited=&#8221;on|phone&#8221; admin_label=&#8221;Header&#8221; _builder_version=&#8221;4.27.4&#8243; _module_preset=&#8221;default&#8221; background_color=&#8221;#000000&#8243; use_background_color_gradient=&#8221;on&#8221; background_color_gradient_stops=&#8221;rgba(0,0,0,0.8) 0%|rgba(0,0,0,0.8) 100%&#8221; background_color_gradient_overlays_image=&#8221;on&#8221; background_color_gradient_start=&#8221;rgba(0,0,0,0.8)&#8221; background_color_gradient_end=&#8221;rgba(0,0,0,0.8)&#8221; background_image=&#8221;http:\/\/orai.fr\/wp-content\/uploads\/2026\/01\/fond_griffon.png&#8221; custom_padding=&#8221;120px||0px||false|false&#8221; custom_padding_tablet=&#8221;80px||||false|false&#8221; custom_padding_phone=&#8221;60px||||false|false&#8221; locked=&#8221;off&#8221; global_colors_info=&#8221;{}&#8221;][et_pb_row _builder_version=&#8221;4.16&#8243; _module_preset=&#8221;default&#8221; global_colors_info=&#8221;{}&#8221;][et_pb_column type=&#8221;4_4&#8243; _builder_version=&#8221;4.16&#8243; _module_preset=&#8221;default&#8221; global_colors_info=&#8221;{}&#8221;][et_pb_text _builder_version=&#8221;4.27.4&#8243; _module_preset=&#8221;77bd6224-541c-4dfa-aa0c-4832456a9557&#8243; header_font=&#8221;Montserrat|900|on|on|||||&#8221; header_text_color=&#8221;#01a0db&#8221; header_font_size=&#8221;165px&#8221; header_line_height=&#8221;0.7em&#8221; header_font_size_tablet=&#8221;60px&#8221; header_font_size_phone=&#8221;30px&#8221; header_font_size_last_edited=&#8221;on|phone&#8221; global_colors_info=&#8221;{%22gcid-5fba0126-308f-4f42-aa94-6c5d80831bca%22:%91%93}&#8221;]<\/p>\n<h1>U9-1\u00a0<\/h1>\n<p>[\/et_pb_text][et_pb_text _builder_version=&#8221;4.27.4&#8243; _module_preset=&#8221;77bd6224-541c-4dfa-aa0c-4832456a9557&#8243; header_font=&#8221;Montserrat|900|on|on|||||&#8221; header_text_color=&#8221;#01a0db&#8221; header_font_size=&#8221;100px&#8221; header_line_height=&#8221;0.7em&#8221; header_font_size_tablet=&#8221;60px&#8221; header_font_size_phone=&#8221;30px&#8221; header_font_size_last_edited=&#8221;on|phone&#8221; global_colors_info=&#8221;{%22gcid-5fba0126-308f-4f42-aa94-6c5d80831bca%22:%91%93}&#8221;]<\/p>\n<h1>Saison 2025-2026<\/h1>\n<p>[\/et_pb_text][\/et_pb_column][\/et_pb_row][et_pb_row column_structure=&#8221;1_3,1_3,1_3&#8243; use_custom_gutter=&#8221;on&#8221; gutter_width=&#8221;1&#8243; make_equal=&#8221;on&#8221; _builder_version=&#8221;4.27.4&#8243; _module_preset=&#8221;default&#8221; custom_margin=&#8221;||0px||false|false&#8221; custom_padding=&#8221;0px||0px||false|false&#8221; locked=&#8221;off&#8221; global_colors_info=&#8221;{}&#8221;][et_pb_column type=&#8221;1_3&#8243; _builder_version=&#8221;4.27.4&#8243; _module_preset=&#8221;default&#8221; background_enable_color=&#8221;off&#8221; use_background_color_gradient=&#8221;on&#8221; background_color_gradient_stops=&#8221;rgba(255,255,255,0) 0%|#01a0db 100%&#8221; background_enable_image=&#8221;off&#8221; transform_scale_last_edited=&#8221;off|desktop&#8221; transform_translate_tablet=&#8221;0px|0px&#8221; transform_translate_last_edited=&#8221;off|desktop&#8221; transform_rotate_last_edited=&#8221;off|desktop&#8221; transform_skew_last_edited=&#8221;off|desktop&#8221; transform_origin_last_edited=&#8221;off|desktop&#8221; transform_styles_last_edited=&#8221;off|desktop&#8221; custom_padding=&#8221;30px|30px|30px|30px|true|true&#8221; custom_padding_tablet=&#8221;&#8221; custom_padding_phone=&#8221;20px|20px|20px|20px|true|true&#8221; custom_padding_last_edited=&#8221;on|phone&#8221; global_colors_info=&#8221;{}&#8221;][et_pb_text _builder_version=&#8221;4.27.4&#8243; _module_preset=&#8221;abe15537-a205-41f8-9025-7356e956fa93&#8243; header_font=&#8221;||||||||&#8221; header_3_font=&#8221;Syncopate|700||on|||||&#8221; header_3_text_color=&#8221;#000000&#8243; header_3_font_size=&#8221;26px&#8221; header_3_line_height=&#8221;1.2em&#8221; custom_margin=&#8221;80px||||false|false&#8221; custom_margin_tablet=&#8221;40px||||false|false&#8221; custom_margin_phone=&#8221;30px||||false|false&#8221; custom_margin_last_edited=&#8221;on|phone&#8221; link_option_url=&#8221;#joueurs&#8221; header_3_font_size_tablet=&#8221;20px&#8221; header_3_font_size_phone=&#8221;16px&#8221; header_3_font_size_last_edited=&#8221;on|desktop&#8221; locked=&#8221;off&#8221; global_colors_info=&#8221;{}&#8221;]<\/p>\n<h3 style=\"text-align: center;\">joueurs<\/h3>\n<p>[\/et_pb_text][\/et_pb_column][et_pb_column type=&#8221;1_3&#8243; _builder_version=&#8221;4.27.4&#8243; _module_preset=&#8221;default&#8221; background_enable_color=&#8221;off&#8221; use_background_color_gradient=&#8221;on&#8221; background_color_gradient_stops=&#8221;rgba(255,255,255,0) 0%|#000000 100%&#8221; background_enable_image=&#8221;off&#8221; transform_scale_last_edited=&#8221;off|desktop&#8221; transform_translate_tablet=&#8221;0px|0px&#8221; transform_translate_last_edited=&#8221;off|desktop&#8221; transform_rotate_last_edited=&#8221;off|desktop&#8221; transform_skew_last_edited=&#8221;off|desktop&#8221; transform_origin_last_edited=&#8221;off|desktop&#8221; transform_styles_last_edited=&#8221;off|desktop&#8221; custom_padding=&#8221;30px|30px|30px|30px|true|true&#8221; custom_padding_tablet=&#8221;&#8221; custom_padding_phone=&#8221;20px|20px|20px|20px|true|true&#8221; custom_padding_last_edited=&#8221;on|phone&#8221; global_colors_info=&#8221;{}&#8221;][et_pb_text _builder_version=&#8221;4.27.4&#8243; _module_preset=&#8221;abe15537-a205-41f8-9025-7356e956fa93&#8243; header_font=&#8221;||||||||&#8221; header_3_font=&#8221;Syncopate|700||on|||||&#8221; header_3_text_color=&#8221;#FFFFFF&#8221; header_3_font_size=&#8221;26px&#8221; header_3_line_height=&#8221;1.2em&#8221; custom_margin=&#8221;80px||||false|false&#8221; custom_margin_tablet=&#8221;40px||||false|false&#8221; custom_margin_phone=&#8221;30px||||false|false&#8221; custom_margin_last_edited=&#8221;on|phone&#8221; link_option_url=&#8221;#staff&#8221; header_3_font_size_tablet=&#8221;20px&#8221; header_3_font_size_phone=&#8221;16px&#8221; header_3_font_size_last_edited=&#8221;on|desktop&#8221; locked=&#8221;off&#8221; global_colors_info=&#8221;{}&#8221;]<\/p>\n<h3 style=\"text-align: center;\">Staff<\/h3>\n<p>[\/et_pb_text][\/et_pb_column][et_pb_column type=&#8221;1_3&#8243; _builder_version=&#8221;4.27.4&#8243; _module_preset=&#8221;default&#8221; background_enable_color=&#8221;off&#8221; use_background_color_gradient=&#8221;on&#8221; background_color_gradient_stops=&#8221;rgba(255,255,255,0) 0%|#ffffff 100%&#8221; background_enable_image=&#8221;off&#8221; transform_scale_last_edited=&#8221;off|desktop&#8221; transform_translate_tablet=&#8221;0px|0px&#8221; transform_translate_last_edited=&#8221;off|desktop&#8221; transform_rotate_last_edited=&#8221;off|desktop&#8221; transform_skew_last_edited=&#8221;off|desktop&#8221; transform_origin_last_edited=&#8221;off|desktop&#8221; transform_styles_last_edited=&#8221;off|desktop&#8221; custom_padding=&#8221;30px|30px|30px|30px|true|true&#8221; custom_padding_tablet=&#8221;&#8221; custom_padding_phone=&#8221;20px|20px|20px|20px|true|true&#8221; custom_padding_last_edited=&#8221;on|phone&#8221; global_colors_info=&#8221;{}&#8221;][et_pb_text _builder_version=&#8221;4.27.4&#8243; _module_preset=&#8221;abe15537-a205-41f8-9025-7356e956fa93&#8243; header_font=&#8221;||||||||&#8221; header_3_font=&#8221;Syncopate|700||on|||||&#8221; header_3_text_color=&#8221;#000000&#8243; header_3_font_size=&#8221;26px&#8221; header_3_line_height=&#8221;1.2em&#8221; custom_margin=&#8221;80px||||false|false&#8221; custom_margin_tablet=&#8221;40px||||false|false&#8221; custom_margin_phone=&#8221;30px||||false|false&#8221; custom_margin_last_edited=&#8221;on|phone&#8221; link_option_url=&#8221;#infos&#8221; header_3_font_size_tablet=&#8221;20px&#8221; header_3_font_size_phone=&#8221;16px&#8221; header_3_font_size_last_edited=&#8221;on|desktop&#8221; locked=&#8221;off&#8221; global_colors_info=&#8221;{}&#8221;]<\/p>\n<h3 style=\"text-align: center;\">Informations<\/h3>\n<p>[\/et_pb_text][\/et_pb_column][\/et_pb_row][\/et_pb_section][et_pb_section fb_built=&#8221;1&#8243; admin_label=&#8221;Stats&#8221; module_id=&#8221;joueurs&#8221; _builder_version=&#8221;4.27.4&#8243; _module_preset=&#8221;default&#8221; custom_padding=&#8221;0px||||false|false&#8221; global_colors_info=&#8221;{}&#8221;][et_pb_row _builder_version=&#8221;4.27.4&#8243; _module_preset=&#8221;default&#8221; global_colors_info=&#8221;{}&#8221;][et_pb_column type=&#8221;4_4&#8243; _builder_version=&#8221;4.27.4&#8243; _module_preset=&#8221;default&#8221; global_colors_info=&#8221;{}&#8221;][et_pb_text _builder_version=&#8221;4.27.4&#8243; _module_preset=&#8221;33d8ed47-9575-4183-ae48-b1d6c4145db4&#8243; header_2_font=&#8221;Syncopate|700||on|||||&#8221; header_2_text_color=&#8221;#000000&#8243; header_2_font_size=&#8221;60px&#8221; header_2_line_height=&#8221;1.2em&#8221; header_2_font_size_tablet=&#8221;32px&#8221; header_2_font_size_phone=&#8221;20px&#8221; header_2_font_size_last_edited=&#8221;on|phone&#8221; locked=&#8221;off&#8221; global_colors_info=&#8221;{}&#8221;]<\/p>\n<h2>JOUEURS<\/h2>\n<p>[\/et_pb_text][et_pb_image src=&#8221;http:\/\/orai.fr\/wp-content\/uploads\/2026\/01\/Capture-decran-2026-01-09-085347.png&#8221; title_text=&#8221;Capture d&#8217;\u00e9cran 2026-01-09 085347&#8243; _builder_version=&#8221;4.27.4&#8243; _module_preset=&#8221;default&#8221; global_colors_info=&#8221;{}&#8221;][\/et_pb_image][\/et_pb_column][\/et_pb_row][\/et_pb_section][et_pb_section fb_built=&#8221;1&#8243; admin_label=&#8221;Stats&#8221; module_id=&#8221;staff&#8221; _builder_version=&#8221;4.27.4&#8243; _module_preset=&#8221;default&#8221; custom_padding=&#8221;0px||||false|false&#8221; global_colors_info=&#8221;{}&#8221;][et_pb_row _builder_version=&#8221;4.27.4&#8243; _module_preset=&#8221;default&#8221; global_colors_info=&#8221;{}&#8221;][et_pb_column type=&#8221;4_4&#8243; _builder_version=&#8221;4.27.4&#8243; _module_preset=&#8221;default&#8221; global_colors_info=&#8221;{}&#8221;][et_pb_text _builder_version=&#8221;4.27.4&#8243; _module_preset=&#8221;33d8ed47-9575-4183-ae48-b1d6c4145db4&#8243; header_2_font=&#8221;Syncopate|700||on|||||&#8221; header_2_text_color=&#8221;#000000&#8243; header_2_font_size=&#8221;60px&#8221; header_2_line_height=&#8221;1.2em&#8221; header_2_font_size_tablet=&#8221;32px&#8221; header_2_font_size_phone=&#8221;20px&#8221; header_2_font_size_last_edited=&#8221;on|phone&#8221; locked=&#8221;off&#8221; global_colors_info=&#8221;{}&#8221;]<\/p>\n<h2>STAFF<\/h2>\n<p>[\/et_pb_text][et_pb_image src=&#8221;http:\/\/orai.fr\/wp-content\/uploads\/2026\/01\/Capture-decran-2026-01-09-085456.png&#8221; title_text=&#8221;Capture d&#8217;\u00e9cran 2026-01-09 085456&#8243; _builder_version=&#8221;4.27.4&#8243; _module_preset=&#8221;default&#8221; global_colors_info=&#8221;{}&#8221;][\/et_pb_image][\/et_pb_column][\/et_pb_row][\/et_pb_section][et_pb_section fb_built=&#8221;1&#8243; admin_label=&#8221;Stats&#8221; module_id=&#8221;infos&#8221; _builder_version=&#8221;4.27.4&#8243; _module_preset=&#8221;default&#8221; custom_padding=&#8221;0px||0px||false|false&#8221; global_colors_info=&#8221;{}&#8221;][et_pb_row _builder_version=&#8221;4.27.4&#8243; _module_preset=&#8221;default&#8221; global_colors_info=&#8221;{}&#8221;][et_pb_column type=&#8221;4_4&#8243; _builder_version=&#8221;4.27.4&#8243; _module_preset=&#8221;default&#8221; global_colors_info=&#8221;{}&#8221;][et_pb_text _builder_version=&#8221;4.27.4&#8243; _module_preset=&#8221;33d8ed47-9575-4183-ae48-b1d6c4145db4&#8243; header_2_font=&#8221;Syncopate|700||on|||||&#8221; header_2_text_color=&#8221;#000000&#8243; header_2_font_size=&#8221;60px&#8221; header_2_line_height=&#8221;1.2em&#8221; header_2_font_size_tablet=&#8221;32px&#8221; header_2_font_size_phone=&#8221;20px&#8221; header_2_font_size_last_edited=&#8221;on|phone&#8221; locked=&#8221;off&#8221; global_colors_info=&#8221;{}&#8221;]<\/p>\n<h2>INFORmATIONS<\/h2>\n<p>[\/et_pb_text][\/et_pb_column][\/et_pb_row][et_pb_row _builder_version=&#8221;4.27.4&#8243; _module_preset=&#8221;default&#8221; custom_padding=&#8221;|||9px||&#8221; global_colors_info=&#8221;{}&#8221;][et_pb_column type=&#8221;4_4&#8243; _builder_version=&#8221;4.16&#8243; _module_preset=&#8221;default&#8221; global_colors_info=&#8221;{}&#8221;][et_pb_text _builder_version=&#8221;4.16&#8243; _module_preset=&#8221;afe8fc41-dc70-4bf1-b625-17644c79cbc3&#8243; text_font=&#8221;||||||||&#8221; text_text_color=&#8221;#000000&#8243; text_font_size=&#8221;16px&#8221; text_line_height=&#8221;2.2em&#8221; text_font_size_tablet=&#8221;15px&#8221; text_font_size_phone=&#8221;14px&#8221; text_font_size_last_edited=&#8221;on|desktop&#8221; locked=&#8221;off&#8221; global_colors_info=&#8221;{}&#8221;]<\/p>\n<p><strong>Encadr\u00e9 par des entra\u00eeneurs exp\u00e9riment\u00e9s et enthousiastes<\/strong><span>\u00a0de notre \u00e9cole de hockey localis\u00e9e sur les patinoires de Romont, d\u2019Espace Gruy\u00e8re et des Paccots, tu d\u00e9couvriras, pas \u00e0 pas, toutes les facettes d\u2019<\/span><strong>un sport complet et dynamique<\/strong><span>. D\u00e8s la premi\u00e8re saison tu participeras \u00e0 tes premiers tournois et partageras des moments intenses avec tes nouveaux copains.<\/span><\/p>\n<p>[\/et_pb_text][et_pb_text _builder_version=&#8221;4.27.4&#8243; _module_preset=&#8221;afe8fc41-dc70-4bf1-b625-17644c79cbc3&#8243; text_font=&#8221;||||||||&#8221; text_text_color=&#8221;#000000&#8243; text_font_size=&#8221;16px&#8221; text_line_height=&#8221;2.2em&#8221; text_font_size_tablet=&#8221;15px&#8221; text_font_size_phone=&#8221;14px&#8221; text_font_size_last_edited=&#8221;on|desktop&#8221; locked=&#8221;off&#8221; global_colors_info=&#8221;{}&#8221;]<\/p>\n<div class=\"widget widget_text gdlr-item gdlr-widget\"><\/div>\n<div class=\"widget widget_text gdlr-item gdlr-widget\"><strong>ENTRAINEMENTS<\/strong><\/div>\n<div id=\"text-21\" class=\"widget widget_text gdlr-item gdlr-widget\">\n<div class=\"textwidget\">\n<p>D\u00e9but entra\u00eenements : 25 ao\u00fbt 2025<\/p>\n<p>Romont \u2013 lundi : 16:30 \u00e0 17:30 heures<br \/>Bulle \u2013 mardi :16:30 \u00e0 17:30 heures<br \/>Romont \u2013 mercredi : 15:30 \u00e0 16:39 heures<\/p>\n<p>Games = Entra\u00eenement facultatif bas\u00e9 sur le jeu organis\u00e9 le samedi matin \u00e0 la patinoire de Romont . 08:00 \u2013 09:15 heures<\/p>\n<p>Fin des entra\u00eenements : 4 avril 2026<\/p>\n<\/div>\n<\/div>\n<p>[\/et_pb_text][et_pb_text _builder_version=&#8221;4.27.4&#8243; _module_preset=&#8221;afe8fc41-dc70-4bf1-b625-17644c79cbc3&#8243; text_font=&#8221;||||||||&#8221; text_text_color=&#8221;#000000&#8243; text_font_size=&#8221;16px&#8221; text_line_height=&#8221;2.2em&#8221; text_font_size_tablet=&#8221;15px&#8221; text_font_size_phone=&#8221;14px&#8221; text_font_size_last_edited=&#8221;on|desktop&#8221; locked=&#8221;off&#8221; global_colors_info=&#8221;{}&#8221;]<\/p>\n<div class=\"widget widget_text gdlr-item gdlr-widget\"><\/div>\n<div class=\"widget widget_text gdlr-item gdlr-widget\"><strong>TOURNOIS<\/strong><\/div>\n<div id=\"text-21\" class=\"widget widget_text gdlr-item gdlr-widget\">\n<div class=\"textwidget\">\n<p>Les U9-1 participent \u00e0 une dizaine de tournois sur la saison.<\/p>\n<p>Lors d\u2019un tournoi, les enfants jouent 3 matchs de 30 minutes \u00e0 3 contre 3 sur 1\/4 de la patinoire.<\/p>\n<\/div>\n<\/div>\n<p>[\/et_pb_text][et_pb_text _builder_version=&#8221;4.27.4&#8243; _module_preset=&#8221;afe8fc41-dc70-4bf1-b625-17644c79cbc3&#8243; text_font=&#8221;||||||||&#8221; text_text_color=&#8221;#000000&#8243; text_font_size=&#8221;16px&#8221; text_line_height=&#8221;2.2em&#8221; text_font_size_tablet=&#8221;15px&#8221; text_font_size_phone=&#8221;14px&#8221; text_font_size_last_edited=&#8221;on|desktop&#8221; locked=&#8221;off&#8221; global_colors_info=&#8221;{}&#8221;]<\/p>\n<div class=\"widget widget_text gdlr-item gdlr-widget\"><\/div>\n<div class=\"widget widget_text gdlr-item gdlr-widget\"><strong>COTISATION<\/strong><\/div>\n<div id=\"text-21\" class=\"widget widget_text gdlr-item gdlr-widget\">\n<div class=\"textwidget\">\n<p><span>La cotisation s\u2019\u00e9l\u00e8ve \u00e0\u00a0 CHF 635.-\u00a0pour la saison dont CHF 250.- peuvent \u00eatre r\u00e9cup\u00e9r\u00e9s en participant \u00e0 la vente de soutien<\/span><\/p>\n<\/div>\n<\/div>\n<p>[\/et_pb_text][\/et_pb_column][\/et_pb_row][\/et_pb_section][et_pb_section fb_built=&#8221;1&#8243; admin_label=&#8221;Pricing&#8221; _builder_version=&#8221;4.16&#8243; _module_preset=&#8221;default&#8221; locked=&#8221;off&#8221; global_colors_info=&#8221;{}&#8221;][et_pb_row _builder_version=&#8221;4.16&#8243; _module_preset=&#8221;default&#8221; custom_padding=&#8221;||27px|||&#8221; locked=&#8221;off&#8221; global_colors_info=&#8221;{}&#8221;][et_pb_column type=&#8221;4_4&#8243; _builder_version=&#8221;4.16&#8243; _module_preset=&#8221;default&#8221; global_colors_info=&#8221;{}&#8221;][et_pb_text _builder_version=&#8221;4.27.4&#8243; _module_preset=&#8221;33d8ed47-9575-4183-ae48-b1d6c4145db4&#8243; header_2_font=&#8221;Syncopate|700||on|||||&#8221; header_2_text_color=&#8221;#000000&#8243; header_2_font_size=&#8221;60px&#8221; header_2_line_height=&#8221;1.2em&#8221; text_orientation=&#8221;center&#8221; header_2_font_size_tablet=&#8221;32px&#8221; header_2_font_size_phone=&#8221;20px&#8221; header_2_font_size_last_edited=&#8221;on|phone&#8221; locked=&#8221;off&#8221; global_colors_info=&#8221;{}&#8221;]<\/p>\n<h2>Tournois &amp; Matchs<\/h2>\n<p>[\/et_pb_text][\/et_pb_column][\/et_pb_row][et_pb_row use_custom_gutter=&#8221;on&#8221; gutter_width=&#8221;2&#8243; _builder_version=&#8221;4.27.4&#8243; _module_preset=&#8221;default&#8221; background_enable_color=&#8221;off&#8221; border_color_all=&#8221;#01a0db&#8221; global_colors_info=&#8221;{}&#8221;][et_pb_column type=&#8221;4_4&#8243; _builder_version=&#8221;4.27.4&#8243; _module_preset=&#8221;default&#8221; global_colors_info=&#8221;{}&#8221;][dsm_masonry_gallery gallery_ids=&#8221;584,585,586,587,588&#8243; _builder_version=&#8221;4.27.4&#8243; _module_preset=&#8221;default&#8221; global_colors_info=&#8221;{}&#8221;][\/dsm_masonry_gallery][\/et_pb_column][\/et_pb_row][\/et_pb_section]<\/p>\n","protected":false},"excerpt":{"rendered":"<p>U9-1\u00a0Saison 2025-2026joueursStaffInformationsJOUEURSSTAFFINFORmATIONSEncadr\u00e9 par des entra\u00eeneurs exp\u00e9riment\u00e9s et enthousiastes\u00a0de notre \u00e9cole de hockey localis\u00e9e sur les patinoires de Romont, d\u2019Espace Gruy\u00e8re et des Paccots, tu d\u00e9couvriras, pas \u00e0 pas, toutes les facettes d\u2019un sport complet et dynamique. D\u00e8s la premi\u00e8re saison tu participeras \u00e0 tes premiers tournois et partageras des moments intenses avec tes nouveaux copains. ENTRAINEMENTS D\u00e9but entra\u00eenements : 25 ao\u00fbt 2025 Romont \u2013 lundi : 16:30 \u00e0 17:30 heuresBulle \u2013 mardi :16:30 \u00e0 17:30 heuresRomont \u2013 mercredi : 15:30 \u00e0 16:39 heures Games = Entra\u00eenement facultatif bas\u00e9 sur le jeu organis\u00e9 le samedi matin \u00e0 la patinoire de Romont . 08:00 \u2013 09:15 heures Fin des entra\u00eenements : 4 avril 2026 TOURNOIS Les U9-1 participent \u00e0 une dizaine de tournois sur la saison. Lors d\u2019un tournoi, les enfants jouent 3 matchs de 30 minutes \u00e0 3 contre 3 sur 1\/4 de la patinoire. COTISATION La cotisation s\u2019\u00e9l\u00e8ve \u00e0\u00a0 CHF 635.-\u00a0pour la saison dont CHF 250.- peuvent \u00eatre r\u00e9cup\u00e9r\u00e9s en participant \u00e0 la vente de soutien Tournois &amp; Matchs<div class=\"et_pb_module dsm_masonry_gallery dsm_masonry_gallery_0\">\n\t\t\t\t\n\t\t\t\t\n\t\t\t\t\n\t\t\t\t\n\t\t\t\t\n\t\t\t\t\n\t\t\t\t<div class=\"et_pb_module_inner\">\n\t\t\t\t\t<div class=\"dsm-gallery grid\" data-lightbox=\"false\" data-horizontalorder=\"true\">\n                <div class=\"grid-sizer\"><\/div><div class=\"gutter-sizer\"><\/div><div class=\"grid-item\">\n                    <div class=\"et_pb_image_wrap\">\n                        <img loading=\"lazy\" decoding=\"async\" src=\"https:\/\/orai.fr\/wp-content\/uploads\/2026\/01\/WhatsApp-Image-2025-09-28-at-11.27.28.jpeg\" title=\"WhatsApp Image 2025-09-28 at 11.27.28\" alt=\"\" class=\"dsm-skip-lazyload\" srcset=\"https:\/\/orai.fr\/wp-content\/uploads\/2026\/01\/WhatsApp-Image-2025-09-28-at-11.27.28.jpeg 1600w, https:\/\/orai.fr\/wp-content\/uploads\/2026\/01\/WhatsApp-Image-2025-09-28-at-11.27.28-1280x960.jpeg 1280w, https:\/\/orai.fr\/wp-content\/uploads\/2026\/01\/WhatsApp-Image-2025-09-28-at-11.27.28-980x735.jpeg 980w, https:\/\/orai.fr\/wp-content\/uploads\/2026\/01\/WhatsApp-Image-2025-09-28-at-11.27.28-480x360.jpeg 480w\" sizes=\"(min-width: 0px) and (max-width: 480px) 480px, (min-width: 481px) and (max-width: 980px) 980px, (min-width: 981px) and (max-width: 1280px) 1280px, (min-width: 1281px) 1600px, 100vw\" width=\"1600\" height=\"1200\" \/>\n                        \n                    <\/div>\n                <\/div><div class=\"grid-item\">\n                    <div class=\"et_pb_image_wrap\">\n                        <img loading=\"lazy\" decoding=\"async\" src=\"https:\/\/orai.fr\/wp-content\/uploads\/2026\/01\/WhatsApp-Image-2025-10-12-at-13.19.40.jpeg\" title=\"WhatsApp Image 2025-10-12 at 13.19.40\" alt=\"\" class=\"dsm-skip-lazyload\" srcset=\"https:\/\/orai.fr\/wp-content\/uploads\/2026\/01\/WhatsApp-Image-2025-10-12-at-13.19.40.jpeg 1600w, https:\/\/orai.fr\/wp-content\/uploads\/2026\/01\/WhatsApp-Image-2025-10-12-at-13.19.40-1280x591.jpeg 1280w, https:\/\/orai.fr\/wp-content\/uploads\/2026\/01\/WhatsApp-Image-2025-10-12-at-13.19.40-980x453.jpeg 980w, https:\/\/orai.fr\/wp-content\/uploads\/2026\/01\/WhatsApp-Image-2025-10-12-at-13.19.40-480x222.jpeg 480w\" sizes=\"(min-width: 0px) and (max-width: 480px) 480px, (min-width: 481px) and (max-width: 980px) 980px, (min-width: 981px) and (max-width: 1280px) 1280px, (min-width: 1281px) 1600px, 100vw\" width=\"1600\" height=\"739\" \/>\n                        \n                    <\/div>\n                <\/div><div class=\"grid-item\">\n                    <div class=\"et_pb_image_wrap\">\n                        <img loading=\"lazy\" decoding=\"async\" src=\"https:\/\/orai.fr\/wp-content\/uploads\/2026\/01\/WhatsApp-Image-2025-11-16-at-16.32.42.jpeg\" title=\"WhatsApp Image 2025-11-16 at 16.32.42\" alt=\"\" class=\"dsm-skip-lazyload\" srcset=\"https:\/\/orai.fr\/wp-content\/uploads\/2026\/01\/WhatsApp-Image-2025-11-16-at-16.32.42.jpeg 2000w, https:\/\/orai.fr\/wp-content\/uploads\/2026\/01\/WhatsApp-Image-2025-11-16-at-16.32.42-1280x591.jpeg 1280w, https:\/\/orai.fr\/wp-content\/uploads\/2026\/01\/WhatsApp-Image-2025-11-16-at-16.32.42-980x453.jpeg 980w, https:\/\/orai.fr\/wp-content\/uploads\/2026\/01\/WhatsApp-Image-2025-11-16-at-16.32.42-480x222.jpeg 480w\" sizes=\"(min-width: 0px) and (max-width: 480px) 480px, (min-width: 481px) and (max-width: 980px) 980px, (min-width: 981px) and (max-width: 1280px) 1280px, (min-width: 1281px) 2000px, 100vw\" width=\"2000\" height=\"924\" \/>\n                        \n                    <\/div>\n                <\/div><div class=\"grid-item\">\n                    <div class=\"et_pb_image_wrap\">\n                        <img loading=\"lazy\" decoding=\"async\" src=\"https:\/\/orai.fr\/wp-content\/uploads\/2026\/01\/WhatsApp-Image-2025-11-30-at-13.21.55.jpeg\" title=\"WhatsApp Image 2025-11-30 at 13.21.55\" alt=\"\" class=\"dsm-skip-lazyload\" srcset=\"https:\/\/orai.fr\/wp-content\/uploads\/2026\/01\/WhatsApp-Image-2025-11-30-at-13.21.55.jpeg 2000w, https:\/\/orai.fr\/wp-content\/uploads\/2026\/01\/WhatsApp-Image-2025-11-30-at-13.21.55-1280x591.jpeg 1280w, https:\/\/orai.fr\/wp-content\/uploads\/2026\/01\/WhatsApp-Image-2025-11-30-at-13.21.55-980x453.jpeg 980w, https:\/\/orai.fr\/wp-content\/uploads\/2026\/01\/WhatsApp-Image-2025-11-30-at-13.21.55-480x222.jpeg 480w\" sizes=\"(min-width: 0px) and (max-width: 480px) 480px, (min-width: 481px) and (max-width: 980px) 980px, (min-width: 981px) and (max-width: 1280px) 1280px, (min-width: 1281px) 2000px, 100vw\" width=\"2000\" height=\"924\" \/>\n                        \n                    <\/div>\n                <\/div><div class=\"grid-item\">\n                    <div class=\"et_pb_image_wrap\">\n                        <img loading=\"lazy\" decoding=\"async\" src=\"https:\/\/orai.fr\/wp-content\/uploads\/2026\/01\/WhatsApp-Image-2026-01-04-at-17.18.51.jpeg\" title=\"WhatsApp Image 2026-01-04 at 17.18.51\" alt=\"\" class=\"dsm-skip-lazyload\" srcset=\"https:\/\/orai.fr\/wp-content\/uploads\/2026\/01\/WhatsApp-Image-2026-01-04-at-17.18.51.jpeg 2000w, https:\/\/orai.fr\/wp-content\/uploads\/2026\/01\/WhatsApp-Image-2026-01-04-at-17.18.51-1280x591.jpeg 1280w, https:\/\/orai.fr\/wp-content\/uploads\/2026\/01\/WhatsApp-Image-2026-01-04-at-17.18.51-980x453.jpeg 980w, https:\/\/orai.fr\/wp-content\/uploads\/2026\/01\/WhatsApp-Image-2026-01-04-at-17.18.51-480x222.jpeg 480w\" sizes=\"(min-width: 0px) and (max-width: 480px) 480px, (min-width: 481px) and (max-width: 980px) 980px, (min-width: 981px) and (max-width: 1280px) 1280px, (min-width: 1281px) 2000px, 100vw\" width=\"2000\" height=\"924\" \/>\n                        \n                    <\/div>\n                <\/div>\n             <\/div>\n\t\t\t\t<\/div>\n\t\t\t<\/div><\/p>\n","protected":false},"author":1,"featured_media":0,"parent":0,"menu_order":0,"comment_status":"closed","ping_status":"closed","template":"","meta":{"_et_pb_use_builder":"on","_et_pb_old_content":"","_et_gb_content_width":"","footnotes":""},"class_list":["post-572","page","type-page","status-publish","hentry"],"_links":{"self":[{"href":"https:\/\/orai.fr\/index.php\/wp-json\/wp\/v2\/pages\/572","targetHints":{"allow":["GET"]}}],"collection":[{"href":"https:\/\/orai.fr\/index.php\/wp-json\/wp\/v2\/pages"}],"about":[{"href":"https:\/\/orai.fr\/index.php\/wp-json\/wp\/v2\/types\/page"}],"author":[{"embeddable":true,"href":"https:\/\/orai.fr\/index.php\/wp-json\/wp\/v2\/users\/1"}],"replies":[{"embeddable":true,"href":"https:\/\/orai.fr\/index.php\/wp-json\/wp\/v2\/comments?post=572"}],"version-history":[{"count":6,"href":"https:\/\/orai.fr\/index.php\/wp-json\/wp\/v2\/pages\/572\/revisions"}],"predecessor-version":[{"id":277484,"href":"https:\/\/orai.fr\/index.php\/wp-json\/wp\/v2\/pages\/572\/revisions\/277484"}],"wp:attachment":[{"href":"https:\/\/orai.fr\/index.php\/wp-json\/wp\/v2\/media?parent=572"}],"curies":[{"name":"wp","href":"https:\/\/api.w.org\/{rel}","templated":true}]}}